{"id":11,"date":"2018-05-10T08:42:18","date_gmt":"2018-05-10T06:42:18","guid":{"rendered":"http:\/\/revista-insaiguaviva.org\/apadrinemelpatrimoni\/?page_id=11"},"modified":"2019-10-03T10:16:13","modified_gmt":"2019-10-03T08:16:13","slug":"contacteu","status":"publish","type":"page","link":"http:\/\/revista-insaiguaviva.org\/apadrinemelpatrimoni\/contacteu\/","title":{"rendered":"Contacteu"},"content":{"rendered":"<p>L&#8217;Institut Aiguaviva \u00e9s un centre d&#8217;Educaci\u00f3 Secund\u00e0ria de Mollet del Vall\u00e8s que va ser creat l&#8217;any 2011. Dins del centre, la responsable del projecte \u00e9s la M. \u00c0ngels Massaguer, professora del Departament de Ci\u00e8ncies Socials.<\/p>\n<p>Si voleu col.laborar amb el nostre blog o fer aportacions, podeu escriure un correu a l&#8217;adre\u00e7a electr\u00f2nica: apadrinem@insaiguaviva.org.<\/p>\n<p>Tamb\u00e9 podeu contactar amb nosaltres a trav\u00e9s del correu electr\u00f2nic del centre: secretaria@insaiguaviva.org o a trav\u00e9s del tel\u00e8fon: 93 593 24 36.<\/p>\n","protected":false},"excerpt":{"rendered":"<p>L&#8217;Institut Aiguaviva \u00e9s un centre d&#8217;Educaci\u00f3 Secund\u00e0ria de Mollet del Vall\u00e8s que va ser creat l&#8217;any 2011. Dins del centre, la responsable del projecte \u00e9s la M. \u00c0ngels Massaguer, professora del Departament de Ci\u00e8ncies Socials. Si voleu col.laborar amb el nostre blog o fer aportacions, podeu escriure un correu a l&#8217;adre\u00e7a electr\u00f2nica: apadrinem@insaiguaviva.org. Tamb\u00e9 podeu &hellip; <\/p>\n<p class=\"link-more\"><a href=\"http:\/\/revista-insaiguaviva.org\/apadrinemelpatrimoni\/contacteu\/\" class=\"more-link\">Continua llegint <span class=\"screen-reader-text\">\u00abContacteu\u00bb<\/span><\/a><\/p>\n","protected":false},"author":2,"featured_media":0,"parent":0,"menu_order":0,"comment_status":"closed","ping_status":"closed","template":"","meta":{"footnotes":""},"class_list":["post-11","page","type-page","status-publish","hentry"],"_links":{"self":[{"href":"http:\/\/revista-insaiguaviva.org\/apadrinemelpatrimoni\/wp-json\/wp\/v2\/pages\/11","targetHints":{"allow":["GET"]}}],"collection":[{"href":"http:\/\/revista-insaiguaviva.org\/apadrinemelpatrimoni\/wp-json\/wp\/v2\/pages"}],"about":[{"href":"http:\/\/revista-insaiguaviva.org\/apadrinemelpatrimoni\/wp-json\/wp\/v2\/types\/page"}],"author":[{"embeddable":true,"href":"http:\/\/revista-insaiguaviva.org\/apadrinemelpatrimoni\/wp-json\/wp\/v2\/users\/2"}],"replies":[{"embeddable":true,"href":"http:\/\/revista-insaiguaviva.org\/apadrinemelpatrimoni\/wp-json\/wp\/v2\/comments?post=11"}],"version-history":[{"count":6,"href":"http:\/\/revista-insaiguaviva.org\/apadrinemelpatrimoni\/wp-json\/wp\/v2\/pages\/11\/revisions"}],"predecessor-version":[{"id":321,"href":"http:\/\/revista-insaiguaviva.org\/apadrinemelpatrimoni\/wp-json\/wp\/v2\/pages\/11\/revisions\/321"}],"wp:attachment":[{"href":"http:\/\/revista-insaiguaviva.org\/apadrinemelpatrimoni\/wp-json\/wp\/v2\/media?parent=11"}],"curies":[{"name":"wp","href":"https:\/\/api.w.org\/{rel}","templated":true}]}}